{"id":188,"date":"2019-05-21T08:57:49","date_gmt":"2019-05-21T11:57:49","guid":{"rendered":"http:\/\/10.101.10.197\/edhyaj\/?page_id=188"},"modified":"2022-10-11T17:55:49","modified_gmt":"2022-10-11T20:55:49","slug":"comite","status":"publish","type":"page","link":"https:\/\/edhyaj.fcejs.unsl.edu.ar\/index.php\/comite\/","title":{"rendered":"Comit\u00e9 Acad\u00e9mico"},"content":{"rendered":"\t\t<div data-elementor-type=\"wp-post\" data-elementor-id=\"188\" class=\"elementor elementor-188\">\n\t\t\t\t\t\t<section class=\"elementor-section elementor-top-section elementor-element elementor-element-d6a14d2 elementor-section-full_width elementor-section-stretched elementor-section-height-default elementor-section-height-default\" data-id=\"d6a14d2\" data-element_type=\"section\" data-e-type=\"section\" data-settings=\"{&quot;stretch_section&quot;:&quot;section-stretched&quot;,&quot;background_background&quot;:&quot;classic&quot;}\">\n\t\t\t\t\t\t\t<div class=\"elementor-background-overlay\"><\/div>\n\t\t\t\t\t\t\t<div class=\"elementor-container elementor-column-gap-default\">\n\t\t\t\t\t<div class=\"elementor-column elementor-col-100 elementor-top-column elementor-element elementor-element-b8ac4f8\" data-id=\"b8ac4f8\" data-element_type=\"column\" data-e-type=\"column\" data-settings=\"{&quot;background_background&quot;:&quot;classic&quot;}\">\n\t\t\t<div class=\"elementor-widget-wrap elementor-element-populated\">\n\t\t\t\t\t\t<div class=\"elementor-element elementor-element-de52576 elementor-widget elementor-widget-text-editor\" data-id=\"de52576\" data-element_type=\"widget\" data-e-type=\"widget\" data-widget_type=\"text-editor.default\">\n\t\t\t\t<div class=\"elementor-widget-container\">\n\t\t\t\t\t\t\t\t\t<h4 class=\"title wow fadeInUp\" data-wow-duration=\"1s\" data-wow-delay=\"0.3s\">ESPECIALIZACI\u00d3N EN DDHH Y ACCESO A LA JUSTICIA<\/h4><p>Facultad de Ciencias Econ\u00f3micas, Jur\u00eddicas y Sociales<\/p>\t\t\t\t\t\t\t\t<\/div>\n\t\t\t\t<\/div>\n\t\t\t\t\t<\/div>\n\t\t<\/div>\n\t\t\t\t\t<\/div>\n\t\t<\/section>\n\t\t\t\t<section class=\"elementor-section elementor-top-section elementor-element elementor-element-7314 elementor-section-full_width elementor-section-stretched elementor-section-height-default elementor-section-height-default\" data-id=\"7314\" data-element_type=\"section\" data-e-type=\"section\" data-settings=\"{&quot;background_background&quot;:&quot;classic&quot;,&quot;stretch_section&quot;:&quot;section-stretched&quot;,&quot;shape_divider_bottom&quot;:&quot;opacity-tilt&quot;,&quot;shape_divider_top&quot;:&quot;opacity-tilt&quot;}\">\n\t\t\t\t\t\t\t<div class=\"elementor-background-overlay\"><\/div>\n\t\t\t\t\t\t<div class=\"elementor-shape elementor-shape-top\" aria-hidden=\"true\" data-negative=\"false\">\n\t\t\t<svg xmlns=\"http:\/\/www.w3.org\/2000\/svg\" viewBox=\"0 0 2600 131.1\" preserveAspectRatio=\"none\">\n\t<path class=\"elementor-shape-fill\" d=\"M0 0L2600 0 2600 69.1 0 0z\"\/>\n\t<path class=\"elementor-shape-fill\" style=\"opacity:0.5\" d=\"M0 0L2600 0 2600 69.1 0 69.1z\"\/>\n\t<path class=\"elementor-shape-fill\" style=\"opacity:0.25\" d=\"M2600 0L0 0 0 130.1 2600 69.1z\"\/>\n<\/svg>\t\t<\/div>\n\t\t\t\t<div class=\"elementor-shape elementor-shape-bottom\" aria-hidden=\"true\" data-negative=\"false\">\n\t\t\t<svg xmlns=\"http:\/\/www.w3.org\/2000\/svg\" viewBox=\"0 0 2600 131.1\" preserveAspectRatio=\"none\">\n\t<path class=\"elementor-shape-fill\" d=\"M0 0L2600 0 2600 69.1 0 0z\"\/>\n\t<path class=\"elementor-shape-fill\" style=\"opacity:0.5\" d=\"M0 0L2600 0 2600 69.1 0 69.1z\"\/>\n\t<path class=\"elementor-shape-fill\" style=\"opacity:0.25\" d=\"M2600 0L0 0 0 130.1 2600 69.1z\"\/>\n<\/svg>\t\t<\/div>\n\t\t\t\t\t<div class=\"elementor-container elementor-column-gap-default\">\n\t\t\t\t\t<div class=\"elementor-column elementor-col-100 elementor-top-column elementor-element elementor-element-6967\" data-id=\"6967\" data-element_type=\"column\" data-e-type=\"column\">\n\t\t\t<div class=\"elementor-widget-wrap elementor-element-populated\">\n\t\t\t\t\t\t<section class=\"elementor-section elementor-inner-section elementor-element elementor-element-4926 elementor-section-boxed elementor-section-height-default elementor-section-height-default\" data-id=\"4926\" data-element_type=\"section\" data-e-type=\"section\">\n\t\t\t\t\t\t<div class=\"elementor-container elementor-column-gap-no\">\n\t\t\t\t\t<div class=\"elementor-column elementor-col-100 elementor-inner-column elementor-element elementor-element-f3430d1\" data-id=\"f3430d1\" data-element_type=\"column\" data-e-type=\"column\" data-settings=\"{&quot;background_background&quot;:&quot;classic&quot;}\">\n\t\t\t<div class=\"elementor-widget-wrap elementor-element-populated\">\n\t\t\t\t\t\t<div class=\"elementor-element elementor-element-bb2304a elementor-invisible elementor-widget elementor-widget-button\" data-id=\"bb2304a\" data-element_type=\"widget\" data-e-type=\"widget\" data-settings=\"{&quot;_animation&quot;:&quot;fadeIn&quot;}\" data-widget_type=\"button.default\">\n\t\t\t\t<div class=\"elementor-widget-container\">\n\t\t\t\t\t\t\t\t\t<div class=\"elementor-button-wrapper\">\n\t\t\t\t\t<a class=\"elementor-button elementor-button-link elementor-size-sm\" href=\"https:\/\/edhyaj.fcejs.unsl.edu.ar\/\">\n\t\t\t\t\t\t<span class=\"elementor-button-content-wrapper\">\n\t\t\t\t\t\t<span class=\"elementor-button-icon\">\n\t\t\t\t\t\t\t\t\t<i class=\"fa fa-backward\" aria-hidden=\"true\"><\/i>\n\t\t\t\t\t\t\t<\/span>\n\t\t\t\t\t\t\t\t\t<span class=\"elementor-button-text\">Volver<\/span>\n\t\t\t\t\t<\/span>\n\t\t\t\t\t<\/a>\n\t\t\t\t<\/div>\n\t\t\t\t\t\t\t\t<\/div>\n\t\t\t\t<\/div>\n\t\t\t\t<div class=\"elementor-element elementor-element-fdeb3d3 elementor-widget elementor-widget-heading\" data-id=\"fdeb3d3\" data-element_type=\"widget\" data-e-type=\"widget\" data-widget_type=\"heading.default\">\n\t\t\t\t<div class=\"elementor-widget-container\">\n\t\t\t\t\t<h2 class=\"elementor-heading-title elementor-size-default\">Comit\u00e9 Acad\u00e9mico<\/h2>\t\t\t\t<\/div>\n\t\t\t\t<\/div>\n\t\t\t\t<div class=\"elementor-element elementor-element-cb80cc4 elementor-widget elementor-widget-heading\" data-id=\"cb80cc4\" data-element_type=\"widget\" data-e-type=\"widget\" data-widget_type=\"heading.default\">\n\t\t\t\t<div class=\"elementor-widget-container\">\n\t\t\t\t\t<h4 class=\"elementor-heading-title elementor-size-default\">El COMIT\u00c9 ACAD\u00c9MICO est\u00e1 integrado por la Directora de la carrera y por 4 (cuatro) doctores de reconocido prestigio nacional e internacional: <\/h4>\t\t\t\t<\/div>\n\t\t\t\t<\/div>\n\t\t\t\t<div class=\"elementor-element elementor-element-72f1e58 elementor-widget elementor-widget-text-editor\" data-id=\"72f1e58\" data-element_type=\"widget\" data-e-type=\"widget\" data-widget_type=\"text-editor.default\">\n\t\t\t\t<div class=\"elementor-widget-container\">\n\t\t\t\t\t\t\t\t\t<strong>DIRECTORA <\/strong>\n<br>\n<strong>Dra MAR\u00cdA GLORIA TROCELLO<\/strong>:\n<br><br>\nAbogada (Universidad Nacional de C\u00f3rdoba). Doctora en Filosof\u00eda Pol\u00edtica en el Departamento de Derecho P\u00fablico (Universidad Pablo de Olvide- Sevilla).\nEspecialista en Administraci\u00f3n P\u00fablica y Mag\u00edster en An\u00e1lisis Institucional por la\nUniversidad Nacional de San Luis. Profesora consulta titular efectiva exclusiva del\n\u00c1rea de Ciencias Pol\u00edtica y Derecho P\u00fablico en asignaturas de Ciencias Pol\u00edticas\ny de Derechos Humanos (Facultad de Ciencias Econ\u00f3micas, Jur\u00eddicas y Sociales.\nUniversidad Nacional de San Luis). Directora e integrante de proyectos de\ninvestigaci\u00f3n nacionales e internacionales. Evaluadora de CONICET, del\nMinisterio de Ciencia Tecnolog\u00eda e Innovaci\u00f3n de la Naci\u00f3n y del Consejo de la\nMagistratura, Poder Judicial de la Naci\u00f3n.\t\t\t\t\t\t\t\t<\/div>\n\t\t\t\t<\/div>\n\t\t\t\t<div class=\"elementor-element elementor-element-93b566d elementor-widget elementor-widget-text-editor\" data-id=\"93b566d\" data-element_type=\"widget\" data-e-type=\"widget\" data-widget_type=\"text-editor.default\">\n\t\t\t\t<div class=\"elementor-widget-container\">\n\t\t\t\t\t\t\t\t\t<strong>Dr. HUGO ANTONIO QUIROGA:<\/strong>\n<br><br>\nAbogado (Facultad de Derecho y Ciencias Sociales de la Universidad Cat\u00f3lica de\nC\u00f3rdoba) Doctor en Filosof\u00eda por la Universitat de les Illes Balears, Espa\u00f1a.\nDipl\u00f4me d\u2019Etudes Approfondies en \u201cEtudes de l\u2019Am\u00e9rique Latine\u201d, otorgado por el\nInstitut des Hautes Etudes de l\u2019Am\u00e9rique Latine de l\u2019Universit\u00e9 de la Sorbonne\nNouvelle (Paris III). Profesor Titular Ordinario de Teor\u00eda Pol\u00edtica de la Facultad de\nCiencia Pol\u00edtica y Relaciones Internacionales de la Universidad Nacional de\nRosario. Profesor de posgrado en universidades argentinas y extranjeras.\nEvaluador de CONEAU, CONICET, y la Agencia Nacional de Promoci\u00f3n Cient\u00edfica\ny Tecnol\u00f3gica . Investigador Categor\u00eda I, en el Programa de Incentivos a los\ndocentes investigadores, SPU.\t\t\t\t\t\t\t\t<\/div>\n\t\t\t\t<\/div>\n\t\t\t\t<div class=\"elementor-element elementor-element-dbb5c0a elementor-widget elementor-widget-text-editor\" data-id=\"dbb5c0a\" data-element_type=\"widget\" data-e-type=\"widget\" data-widget_type=\"text-editor.default\">\n\t\t\t\t<div class=\"elementor-widget-container\">\n\t\t\t\t\t\t\t\t\t<strong>Dra.\u00a0 MARTA SUSANA JULIA<\/strong>\n<br><br>\nAbogada y Doctora en Derecho y Ciencias Sociales (Facultad de Derecho y\nCiencias Sociales Universidad Nacional de C\u00f3rdoba.). Ha sido consultora de la\nComisi\u00f3n Econ\u00f3mica para Am\u00e9rica Latina (CEPAL) del Programa de Naciones\nUnidas para el Medio Ambiente (PNUMA) en diversas oportunidades. Profesora\nTitular Efectiva (Facultad de Ciencias Econ\u00f3micas, Jur\u00eddicas y Sociales.\nUniversidad Nacional de San Luis).\u00a0Directora del Proyecto de Investigaci\u00f3n\nConsolidado \u00a0\u201cPol\u00edtica y Derecho Ambiental\u201d (UNSL). Subgerente del INA-\nSCIRSA\u00a0Centro de la regi\u00f3n semi\u00e1rida del Instituto Nacional del Agua. Miembro del\nConsejo Directivo del Centro de Investigaciones Jur\u00eddicas Y Sociales UNC\nCONICET.\t\t\t\t\t\t\t\t<\/div>\n\t\t\t\t<\/div>\n\t\t\t\t<div class=\"elementor-element elementor-element-1942bc1 elementor-widget elementor-widget-text-editor\" data-id=\"1942bc1\" data-element_type=\"widget\" data-e-type=\"widget\" data-widget_type=\"text-editor.default\">\n\t\t\t\t<div class=\"elementor-widget-container\">\n\t\t\t\t\t\t\t\t\t<strong>DR. DANIEL GORRA<\/strong>:\n<br><br>\nAbogado (Universidad Cat\u00f3lica de Cuyo).\u00a0Doctor en Derecho (Universidad\nNacional de Cuyo). Master en Criminolog\u00eda (Universidad del Aconcagua). Profesor\n\nAdjunto efectivo de Filosof\u00eda del Derecho y Criminolog\u00eda en el Departamento de\nCiencias Jur\u00eddicas y Pol\u00edticas de la Universidad Nacional de San Luis. Codirector\ndel Proyecto de Investigaci\u00f3n Consolidado \u201cDerecho y Lenguaje\u201d (UNSL).\nMiembro del Instituto Latinoamericano de Ciencias Penales y Criminol\u00f3gicas\n(Per\u00fa). Miembro de la Sociedad Argentina de An\u00e1lisis Filos\u00f3fico. Miembro de la\nAsociaci\u00f3n Argentina de Filosof\u00eda del Derecho.\t\t\t\t\t\t\t\t<\/div>\n\t\t\t\t<\/div>\n\t\t\t\t<div class=\"elementor-element elementor-element-6907503 elementor-widget elementor-widget-text-editor\" data-id=\"6907503\" data-element_type=\"widget\" data-e-type=\"widget\" data-widget_type=\"text-editor.default\">\n\t\t\t\t<div class=\"elementor-widget-container\">\n\t\t\t\t\t\t\t\t\t<strong>DRA. GABRIELA MELINA LUCIANO \u00a0<\/strong>\n<br><br>\nLicenciada en Psicolog\u00eda y Doctora en Psicolog\u00eda (Universidad Nacional de San\nLuis) -Profesora Adjunta Efectiva de la Licenciatura en Educaci\u00f3n Especial y\nProfesora de Posgrado de distintas carreras del pa\u00eds vinculadas a la Educaci\u00f3n y a\nlos Derechos Humanos. Co-Directora de la Especializaci\u00f3n en Investigaci\u00f3n en\nCiencias Sociales y Humanas de la Facultad de Ciencias Humanas (UNSL).\nInvestigadora en proyectos de Investigaci\u00f3n consolidados \u201cPsicolog\u00eda Pol\u00edtica\u201d y\n\u201cDesarrollo del Bienestar comunitario con sectores populares\u201d (UNSL). Integrante\nde la coordinaci\u00f3n del Centro de Pr\u00e1cticas Pedag\u00f3gicas y Socio-comunitarias de la\nFacultad de Ciencias Humanas de la UNSL.\t\t\t\t\t\t\t\t<\/div>\n\t\t\t\t<\/div>\n\t\t\t\t\t<\/div>\n\t\t<\/div>\n\t\t\t\t\t<\/div>\n\t\t<\/section>\n\t\t\t\t\t<\/div>\n\t\t<\/div>\n\t\t\t\t\t<\/div>\n\t\t<\/section>\n\t\t\t\t<\/div>\n\t\t","protected":false},"excerpt":{"rendered":"<p>ESPECIALIZACI\u00d3N EN DDHH Y ACCESO A LA JUSTICIA Facultad de Ciencias Econ\u00f3micas, Jur\u00eddicas y Sociales Volver Comit\u00e9 Acad\u00e9mico El COMIT\u00c9 ACAD\u00c9MICO est\u00e1 integrado por la&hellip;<\/p>\n","protected":false},"author":2,"featured_media":0,"parent":0,"menu_order":0,"comment_status":"closed","ping_status":"closed","template":"","meta":{"_exactmetrics_skip_tracking":false,"_exactmetrics_sitenote_active":false,"_exactmetrics_sitenote_note":"","_exactmetrics_sitenote_category":0,"footnotes":""},"class_list":["post-188","page","type-page","status-publish","hentry"],"_links":{"self":[{"href":"https:\/\/edhyaj.fcejs.unsl.edu.ar\/index.php\/wp-json\/wp\/v2\/pages\/188","targetHints":{"allow":["GET"]}}],"collection":[{"href":"https:\/\/edhyaj.fcejs.unsl.edu.ar\/index.php\/wp-json\/wp\/v2\/pages"}],"about":[{"href":"https:\/\/edhyaj.fcejs.unsl.edu.ar\/index.php\/wp-json\/wp\/v2\/types\/page"}],"author":[{"embeddable":true,"href":"https:\/\/edhyaj.fcejs.unsl.edu.ar\/index.php\/wp-json\/wp\/v2\/users\/2"}],"replies":[{"embeddable":true,"href":"https:\/\/edhyaj.fcejs.unsl.edu.ar\/index.php\/wp-json\/wp\/v2\/comments?post=188"}],"version-history":[{"count":18,"href":"https:\/\/edhyaj.fcejs.unsl.edu.ar\/index.php\/wp-json\/wp\/v2\/pages\/188\/revisions"}],"predecessor-version":[{"id":623,"href":"https:\/\/edhyaj.fcejs.unsl.edu.ar\/index.php\/wp-json\/wp\/v2\/pages\/188\/revisions\/623"}],"wp:attachment":[{"href":"https:\/\/edhyaj.fcejs.unsl.edu.ar\/index.php\/wp-json\/wp\/v2\/media?parent=188"}],"curies":[{"name":"wp","href":"https:\/\/api.w.org\/{rel}","templated":true}]}}